{"id":939,"date":"2025-04-02T14:32:47","date_gmt":"2025-04-02T12:32:47","guid":{"rendered":"http:\/\/lerivagedesvoix.com\/?page_id=939"},"modified":"2026-04-04T11:47:05","modified_gmt":"2026-04-04T09:47:05","slug":"page-daccueil","status":"publish","type":"page","link":"https:\/\/lerivagedesvoix.com\/","title":{"rendered":"Festival \u00ab\u00a0Le Rivage des Voix\u00a0\u00bb 2026"},"content":{"rendered":"<div class=\"wp-block-image\">\n<figure class=\"aligncenter size-full is-resized\"><a href=\"https:\/\/www.billetweb.fr\/pro\/lerivagedesvoix-com\"><img decoding=\"async\" loading=\"lazy\" src=\"http:\/\/lerivagedesvoix.com\/wp-content\/uploads\/2026\/03\/BtnBilletterieEnLigne_TousConcerts.png\" alt=\"\" class=\"wp-image-1088\" width=\"321\" height=\"74\" srcset=\"https:\/\/lerivagedesvoix.com\/wp-content\/uploads\/2026\/03\/BtnBilletterieEnLigne_TousConcerts.png 642w, https:\/\/lerivagedesvoix.com\/wp-content\/uploads\/2026\/03\/BtnBilletterieEnLigne_TousConcerts-300x69.png 300w\" sizes=\"(max-width: 321px) 100vw, 321px\" \/><\/a><\/figure><\/div>\n\n\n<p><\/p>\n\n\n\n<div class=\"wp-block-columns is-layout-flex wp-container-2\">\n<div class=\"wp-block-column is-layout-flow\" style=\"flex-basis:900%\"><div class=\"wp-block-image\">\n<figure class=\"aligncenter size-large is-resized\"><img decoding=\"async\" loading=\"lazy\" src=\"http:\/\/lerivagedesvoix.com\/wp-content\/uploads\/2026\/03\/Bandeau-pour-site-WEB-1024x492.png\" alt=\"\" class=\"wp-image-1072\" width=\"512\" height=\"246\" srcset=\"https:\/\/lerivagedesvoix.com\/wp-content\/uploads\/2026\/03\/Bandeau-pour-site-WEB-1024x492.png 1024w, https:\/\/lerivagedesvoix.com\/wp-content\/uploads\/2026\/03\/Bandeau-pour-site-WEB-300x144.png 300w, https:\/\/lerivagedesvoix.com\/wp-content\/uploads\/2026\/03\/Bandeau-pour-site-WEB-768x369.png 768w, https:\/\/lerivagedesvoix.com\/wp-content\/uploads\/2026\/03\/Bandeau-pour-site-WEB.png 1280w\" sizes=\"(max-width: 512px) 100vw, 512px\" \/><\/figure><\/div><\/div>\n<\/div>\n\n\n\n<div class=\"wp-block-buttons is-layout-flex\">\n<div class=\"wp-block-button\"><a class=\"wp-block-button__link has-white-color has-text-color wp-element-button\" href=\"http:\/\/lerivagedesvoix.com\/wp-content\/uploads\/2026\/03\/Depliant_2026_BD.pdf\" target=\"_blank\" rel=\"noreferrer noopener\">t\u00e9l\u00e9charger la programmation 2026<\/a><\/div>\n<\/div>\n\n\n\n<h3 class=\"wp-block-heading has-text-align-left\"><a href=\"http:\/\/lerivagedesvoix.com\/wp-content\/uploads\/2026\/04\/Edition-2026-LRDV_Lettre-dinformation-de-mars.pdf\" target=\"_blank\" rel=\"noreferrer noopener\">Derni\u00e8re lettre d&rsquo;informations \u00e0 t\u00e9l\u00e9charger<\/a><\/h3>\n\n\n\n<div class=\"wp-block-columns is-layout-flex wp-container-6\">\n<div class=\"wp-block-column is-layout-flow\"><div class=\"wp-block-image\">\n<figure class=\"alignright size-large is-resized\"><img decoding=\"async\" loading=\"lazy\" src=\"http:\/\/lerivagedesvoix.com\/wp-content\/uploads\/2025\/12\/Diva-Opera-La-Boheme1-\u00a9Peter-Gillard-1024x683.jpg\" alt=\"\" class=\"wp-image-1022\" width=\"256\" height=\"171\" srcset=\"https:\/\/lerivagedesvoix.com\/wp-content\/uploads\/2025\/12\/Diva-Opera-La-Boheme1-\u00a9Peter-Gillard-1024x683.jpg 1024w, https:\/\/lerivagedesvoix.com\/wp-content\/uploads\/2025\/12\/Diva-Opera-La-Boheme1-\u00a9Peter-Gillard-300x200.jpg 300w, https:\/\/lerivagedesvoix.com\/wp-content\/uploads\/2025\/12\/Diva-Opera-La-Boheme1-\u00a9Peter-Gillard-768x512.jpg 768w, https:\/\/lerivagedesvoix.com\/wp-content\/uploads\/2025\/12\/Diva-Opera-La-Boheme1-\u00a9Peter-Gillard-1536x1024.jpg 1536w, https:\/\/lerivagedesvoix.com\/wp-content\/uploads\/2025\/12\/Diva-Opera-La-Boheme1-\u00a9Peter-Gillard-2048x1365.jpg 2048w, https:\/\/lerivagedesvoix.com\/wp-content\/uploads\/2025\/12\/Diva-Opera-La-Boheme1-\u00a9Peter-Gillard-272x182.jpg 272w\" sizes=\"(max-width: 256px) 100vw, 256px\" \/><\/figure><\/div><\/div>\n\n\n\n<div class=\"wp-block-column is-layout-flow\">\n<p><\/p>\n\n\n\n<p>Concert d&rsquo;ouverture SEUL :<br>\u00a0\u00bb La Boh\u00e8me de Puccini\u00a0\u00bb <br>d&rsquo;ores et d\u00e9j\u00e0 programm\u00e9 et places en vente <br><a rel=\"noreferrer noopener\" href=\"https:\/\/billetteriesdp.paysdesmauges.fr\/spectacle?id_spectacle=1993&amp;lng=1\" target=\"_blank\">Cliquer pour acheter vos billets en ligne<\/a><\/p>\n<\/div>\n<\/div>\n\n\n\n<h3 class=\"wp-block-heading has-luminous-vivid-orange-color has-text-color\">Soutenez financi\u00e8rement votre festival en tant que particulier, cliquez <a rel=\"noreferrer noopener\" href=\"https:\/\/www.payasso.fr\/le-rivage-des-voix\/action-de-mecenat-particulier\" target=\"_blank\">ici<\/a><\/h3>\n\n\n\n<p><\/p>\n\n\n\n<p><\/p>\n","protected":false},"excerpt":{"rendered":"<p>Derni\u00e8re lettre d&rsquo;informations \u00e0 t\u00e9l\u00e9charger Concert d&rsquo;ouverture SEUL :\u00a0\u00bb La Boh\u00e8me de Puccini\u00a0\u00bb d&rsquo;ores et d\u00e9j\u00e0 programm\u00e9 et places en vente Cliquer pour acheter vos billets en ligne Soutenez financi\u00e8rement votre festival en tant que particulier, cliquez ici<\/p>\n","protected":false},"author":1,"featured_media":0,"parent":0,"menu_order":0,"comment_status":"closed","ping_status":"closed","template":"home-panels.php","meta":[],"_links":{"self":[{"href":"https:\/\/lerivagedesvoix.com\/index.php?rest_route=\/wp\/v2\/pages\/939"}],"collection":[{"href":"https:\/\/lerivagedesvoix.com\/index.php?rest_route=\/wp\/v2\/pages"}],"about":[{"href":"https:\/\/lerivagedesvoix.com\/index.php?rest_route=\/wp\/v2\/types\/page"}],"author":[{"embeddable":true,"href":"https:\/\/lerivagedesvoix.com\/index.php?rest_route=\/wp\/v2\/users\/1"}],"replies":[{"embeddable":true,"href":"https:\/\/lerivagedesvoix.com\/index.php?rest_route=%2Fwp%2Fv2%2Fcomments&post=939"}],"version-history":[{"count":58,"href":"https:\/\/lerivagedesvoix.com\/index.php?rest_route=\/wp\/v2\/pages\/939\/revisions"}],"predecessor-version":[{"id":1102,"href":"https:\/\/lerivagedesvoix.com\/index.php?rest_route=\/wp\/v2\/pages\/939\/revisions\/1102"}],"wp:attachment":[{"href":"https:\/\/lerivagedesvoix.com\/index.php?rest_route=%2Fwp%2Fv2%2Fmedia&parent=939"}],"curies":[{"name":"wp","href":"https:\/\/api.w.org\/{rel}","templated":true}]}}