{"id":884,"date":"2024-12-23T11:50:52","date_gmt":"2024-12-23T09:50:52","guid":{"rendered":"https:\/\/lerivagedesvoix.com\/?page_id=884"},"modified":"2025-05-28T16:37:50","modified_gmt":"2025-05-28T14:37:50","slug":"edition-2024","status":"publish","type":"page","link":"https:\/\/lerivagedesvoix.com\/?page_id=884","title":{"rendered":"\u00e9dition 2024"},"content":{"rendered":"\n<figure class=\"wp-block-image size-thumbnail\"><img decoding=\"async\" loading=\"lazy\" width=\"150\" height=\"150\" src=\"https:\/\/lerivagedesvoix.com\/wp-content\/uploads\/2024\/12\/image-150x150.png\" alt=\"\" class=\"wp-image-888\"\/><\/figure>\n\n\n\n<p><a rel=\"noreferrer noopener\" href=\"http:\/\/lerivagedesvoix.com\/wp-content\/uploads\/2023\/04\/Film_Presentation_LRDV_2023_vl.mp4\" target=\"_blank\">Film de pr\u00e9sentation g\u00e9n\u00e9rale du festival<\/a><\/p>\n\n\n\n<p><strong><a rel=\"noreferrer noopener\" href=\"http:\/\/lerivagedesvoix.com\/wp-content\/uploads\/2024\/04\/Programmation-2024-Depliant-BD-VF.pdf\" target=\"_blank\">Programmation 2024 T\u00e9l\u00e9chargement<\/a><\/strong><\/p>\n","protected":false},"excerpt":{"rendered":"<p>Film de pr\u00e9sentation g\u00e9n\u00e9rale du festival Programmation 2024 T\u00e9l\u00e9chargement<\/p>\n","protected":false},"author":1,"featured_media":0,"parent":0,"menu_order":0,"comment_status":"closed","ping_status":"closed","template":"","meta":[],"_links":{"self":[{"href":"https:\/\/lerivagedesvoix.com\/index.php?rest_route=\/wp\/v2\/pages\/884"}],"collection":[{"href":"https:\/\/lerivagedesvoix.com\/index.php?rest_route=\/wp\/v2\/pages"}],"about":[{"href":"https:\/\/lerivagedesvoix.com\/index.php?rest_route=\/wp\/v2\/types\/page"}],"author":[{"embeddable":true,"href":"https:\/\/lerivagedesvoix.com\/index.php?rest_route=\/wp\/v2\/users\/1"}],"replies":[{"embeddable":true,"href":"https:\/\/lerivagedesvoix.com\/index.php?rest_route=%2Fwp%2Fv2%2Fcomments&post=884"}],"version-history":[{"count":5,"href":"https:\/\/lerivagedesvoix.com\/index.php?rest_route=\/wp\/v2\/pages\/884\/revisions"}],"predecessor-version":[{"id":981,"href":"https:\/\/lerivagedesvoix.com\/index.php?rest_route=\/wp\/v2\/pages\/884\/revisions\/981"}],"wp:attachment":[{"href":"https:\/\/lerivagedesvoix.com\/index.php?rest_route=%2Fwp%2Fv2%2Fmedia&parent=884"}],"curies":[{"name":"wp","href":"https:\/\/api.w.org\/{rel}","templated":true}]}}