{"id":632,"date":"2023-02-17T12:13:01","date_gmt":"2023-02-17T10:13:01","guid":{"rendered":"http:\/\/lerivagedesvoix.com\/?page_id=632"},"modified":"2026-03-30T18:57:52","modified_gmt":"2026-03-30T16:57:52","slug":"mecenes","status":"publish","type":"page","link":"https:\/\/lerivagedesvoix.com\/?page_id=632","title":{"rendered":"** M\u00e9c\u00e9nat des Entreprises **"},"content":{"rendered":"\n<p class=\"has-text-align-left\"><strong><mark style=\"background-color:rgba(0, 0, 0, 0)\" class=\"has-inline-color has-vivid-cyan-blue-color\">ENTREPRISES : <\/mark><\/strong><br>Devenez m\u00e9c\u00e8ne du festival et d\u00e9duisez fiscalement 60% du montant de votre don<\/p>\n\n\n\n<p class=\"has-text-align-center\"><a rel=\"noreferrer noopener\" href=\"http:\/\/lerivagedesvoix.com\/wp-content\/uploads\/2026\/03\/Dossier-mecenat.pdf\" target=\"_blank\">t\u00e9l\u00e9charger le dossier m\u00e9c\u00e9nat pour l&rsquo;\u00e9dition 2026<\/a><br><a href=\"http:\/\/lerivagedesvoix.com\/wp-content\/uploads\/2026\/03\/lettre-dengagement-2026-Mecenes.pdf\" target=\"_blank\" rel=\"noreferrer noopener\">t\u00e9l\u00e9charger votre lettre d&rsquo;engagement de soutien financier<\/a><\/p>\n\n\n\n<p><\/p>\n\n\n\n<p><strong>ETRE MECENES, c&rsquo;est b\u00e9n\u00e9ficier de<\/strong> <\/p>\n\n\n\n<div class=\"wp-block-columns is-layout-flex wp-container-4\">\n<div class=\"wp-block-column is-layout-flow\">\n<figure class=\"wp-block-image size-full\"><img decoding=\"async\" loading=\"lazy\" width=\"443\" height=\"448\" src=\"http:\/\/lerivagedesvoix.com\/wp-content\/uploads\/2023\/02\/Etre-Mecene-Cest-beneficier-de-Moments-Privilegies_2.jpg\" alt=\"\" class=\"wp-image-664\" srcset=\"https:\/\/lerivagedesvoix.com\/wp-content\/uploads\/2023\/02\/Etre-Mecene-Cest-beneficier-de-Moments-Privilegies_2.jpg 443w, https:\/\/lerivagedesvoix.com\/wp-content\/uploads\/2023\/02\/Etre-Mecene-Cest-beneficier-de-Moments-Privilegies_2-297x300.jpg 297w\" sizes=\"(max-width: 443px) 100vw, 443px\" \/><\/figure>\n<\/div>\n\n\n\n<div class=\"wp-block-column is-layout-flow\">\n<figure class=\"wp-block-image size-full\"><img decoding=\"async\" loading=\"lazy\" width=\"443\" height=\"448\" src=\"http:\/\/lerivagedesvoix.com\/wp-content\/uploads\/2023\/02\/Etre-Mecene-Cest-beneficier-de-Visibilite_2.jpg\" alt=\"\" class=\"wp-image-665\" srcset=\"https:\/\/lerivagedesvoix.com\/wp-content\/uploads\/2023\/02\/Etre-Mecene-Cest-beneficier-de-Visibilite_2.jpg 443w, https:\/\/lerivagedesvoix.com\/wp-content\/uploads\/2023\/02\/Etre-Mecene-Cest-beneficier-de-Visibilite_2-297x300.jpg 297w\" sizes=\"(max-width: 443px) 100vw, 443px\" \/><\/figure>\n<\/div>\n\n\n\n<div class=\"wp-block-column is-layout-flow\">\n<figure class=\"wp-block-image size-full\"><img decoding=\"async\" loading=\"lazy\" width=\"443\" height=\"451\" src=\"http:\/\/lerivagedesvoix.com\/wp-content\/uploads\/2023\/02\/Etre-Mecene-Cest-beneficier-de-Reduction-Fiscale_2.jpg\" alt=\"\" class=\"wp-image-666\" srcset=\"https:\/\/lerivagedesvoix.com\/wp-content\/uploads\/2023\/02\/Etre-Mecene-Cest-beneficier-de-Reduction-Fiscale_2.jpg 443w, https:\/\/lerivagedesvoix.com\/wp-content\/uploads\/2023\/02\/Etre-Mecene-Cest-beneficier-de-Reduction-Fiscale_2-295x300.jpg 295w\" sizes=\"(max-width: 443px) 100vw, 443px\" \/><\/figure>\n<\/div>\n<\/div>\n","protected":false},"excerpt":{"rendered":"<p>ENTREPRISES : Devenez m\u00e9c\u00e8ne du festival et d\u00e9duisez fiscalement 60% du montant de votre don t\u00e9l\u00e9charger le dossier m\u00e9c\u00e9nat pour l&rsquo;\u00e9dition 2026t\u00e9l\u00e9charger votre lettre d&rsquo;engagement de soutien financier ETRE MECENES, c&rsquo;est b\u00e9n\u00e9ficier de<\/p>\n","protected":false},"author":1,"featured_media":0,"parent":0,"menu_order":0,"comment_status":"closed","ping_status":"closed","template":"","meta":[],"_links":{"self":[{"href":"https:\/\/lerivagedesvoix.com\/index.php?rest_route=\/wp\/v2\/pages\/632"}],"collection":[{"href":"https:\/\/lerivagedesvoix.com\/index.php?rest_route=\/wp\/v2\/pages"}],"about":[{"href":"https:\/\/lerivagedesvoix.com\/index.php?rest_route=\/wp\/v2\/types\/page"}],"author":[{"embeddable":true,"href":"https:\/\/lerivagedesvoix.com\/index.php?rest_route=\/wp\/v2\/users\/1"}],"replies":[{"embeddable":true,"href":"https:\/\/lerivagedesvoix.com\/index.php?rest_route=%2Fwp%2Fv2%2Fcomments&post=632"}],"version-history":[{"count":21,"href":"https:\/\/lerivagedesvoix.com\/index.php?rest_route=\/wp\/v2\/pages\/632\/revisions"}],"predecessor-version":[{"id":1079,"href":"https:\/\/lerivagedesvoix.com\/index.php?rest_route=\/wp\/v2\/pages\/632\/revisions\/1079"}],"wp:attachment":[{"href":"https:\/\/lerivagedesvoix.com\/index.php?rest_route=%2Fwp%2Fv2%2Fmedia&parent=632"}],"curies":[{"name":"wp","href":"https:\/\/api.w.org\/{rel}","templated":true}]}}